{"id":19,"date":"2025-05-13T09:29:27","date_gmt":"2025-05-13T07:29:27","guid":{"rendered":"https:\/\/b34taec8.myrdbx.io\/?page_id=19"},"modified":"2026-03-02T08:59:40","modified_gmt":"2026-03-02T07:59:40","slug":"impressum","status":"publish","type":"page","link":"https:\/\/exabotix.com\/en\/impressum\/","title":{"rendered":"imprint"},"content":{"rendered":"<div data-elementor-type=\"wp-page\" data-elementor-id=\"19\" class=\"elementor elementor-19\" data-elementor-post-type=\"page\">\n\t\t\t\t<div class=\"elementor-element elementor-element-ac02fd2 e-flex e-con-boxed e-con e-parent\" data-id=\"ac02fd2\" data-element_type=\"container\">\n\t\t\t\t\t<div class=\"e-con-inner\">\n\t\t<div class=\"elementor-element elementor-element-62a5148 e-con-full e-flex e-con e-child\" data-id=\"62a5148\" data-element_type=\"container\">\n\t\t\t\t<div class=\"elementor-element elementor-element-34d23df elementor-widget elementor-widget-heading\" data-id=\"34d23df\" data-element_type=\"widget\" data-widget_type=\"heading.default\">\n\t\t\t\t\t<h1 class=\"elementor-heading-title elementor-size-default\">imprint<\/h1>\t\t\t\t<\/div>\n\t\t\t\t<div class=\"elementor-element elementor-element-84940c7 elementor-widget elementor-widget-text-editor\" data-id=\"84940c7\" data-element_type=\"widget\" data-widget_type=\"text-editor.default\">\n\t\t\t\t\t\t\t\t\t<p><strong>exabotix GmbH<\/strong><br \/>Ringstrasse 30<br \/>37431 Bad Lauterberg<\/p><p>Commercial Register: HRB 204529<br \/>Commercial Register: G\u00f6ttingen<\/p><p><strong>Represented by:<\/strong><br \/>Alexander Helbing<\/p><p><strong>Second location:<\/strong><br \/>exabotix GmbH<br \/>Harzstra\u00dfe 1<br \/>39444 Hecklingen<\/p><h3>contact<\/h3><p>Telephone: +49-(0)5524 2987<br \/>Email: info@exabotix.de<\/p><p>VAT ID<br \/>VAT identification number according to \u00a7 27a of the German VAT Act:<br \/>DE298526652<\/p><h3>Editorially responsible<\/h3><p>Alexander Helbing<br \/>Ringstrasse 30<br \/>37431 Bad Lauterberg<\/p><h3>Consumer dispute resolution\/Universal arbitration body<\/h3><p>We are not willing or obliged to participate in dispute resolution proceedings before a consumer arbitration board.<\/p>\t\t\t\t\t\t\t\t<\/div>\n\t\t\t\t<\/div>\n\t\t\t\t\t<\/div>\n\t\t\t\t<\/div>\n\t\t\t\t<\/div>","protected":false},"excerpt":{"rendered":"<p>exabotix GmbH, Ringstra\u00dfe 30, 37431 Bad Lauterberg, Commercial Register: HRB 204529, Register Court: G\u00f6ttingen, Represented by: Alexander Helbing, Second location: exabotix GmbH, Harzstra\u00dfe 13, 39444 Hecklingen, Contact: Phone: +49-(0)5524 2987, Email: info@exabotix.de, VAT ID No. (VAT identification number according to \u00a7 27 a of the German VAT Act): DE298526652, Editorially responsible: Alexander [\u2026]<\/p>","protected":false},"author":1,"featured_media":0,"parent":0,"menu_order":3,"comment_status":"closed","ping_status":"closed","template":"","meta":{"footnotes":""},"class_list":["post-19","page","type-page","status-publish","hentry"],"_links":{"self":[{"href":"https:\/\/exabotix.com\/en\/wp-json\/wp\/v2\/pages\/19","targetHints":{"allow":["GET"]}}],"collection":[{"href":"https:\/\/exabotix.com\/en\/wp-json\/wp\/v2\/pages"}],"about":[{"href":"https:\/\/exabotix.com\/en\/wp-json\/wp\/v2\/types\/page"}],"author":[{"embeddable":true,"href":"https:\/\/exabotix.com\/en\/wp-json\/wp\/v2\/users\/1"}],"replies":[{"embeddable":true,"href":"https:\/\/exabotix.com\/en\/wp-json\/wp\/v2\/comments?post=19"}],"version-history":[{"count":7,"href":"https:\/\/exabotix.com\/en\/wp-json\/wp\/v2\/pages\/19\/revisions"}],"predecessor-version":[{"id":1666,"href":"https:\/\/exabotix.com\/en\/wp-json\/wp\/v2\/pages\/19\/revisions\/1666"}],"wp:attachment":[{"href":"https:\/\/exabotix.com\/en\/wp-json\/wp\/v2\/media?parent=19"}],"curies":[{"name":"wp","href":"https:\/\/api.w.org\/{rel}","templated":true}]}}